{"id":158,"date":"2018-09-27T17:43:51","date_gmt":"2018-09-27T15:43:51","guid":{"rendered":"http:\/\/crawlpit.com\/about\/"},"modified":"2020-12-11T19:16:07","modified_gmt":"2020-12-11T18:16:07","slug":"rolunk","status":"publish","type":"page","link":"https:\/\/crawlpit.com\/hu\/rolunk\/","title":{"rendered":"R\u00f3lunk"},"content":{"rendered":"<p><img loading=\"lazy\" decoding=\"async\" class=\"alignnone size-full wp-image-296\" src=\"https:\/\/crawlpit.com\/wp-content\/uploads\/2019\/05\/img-aluracer-about-190527.jpg\" alt=\"\" width=\"1200\" height=\"718\" srcset=\"https:\/\/crawlpit.com\/wp-content\/uploads\/2019\/05\/img-aluracer-about-190527.jpg 1200w, https:\/\/crawlpit.com\/wp-content\/uploads\/2019\/05\/img-aluracer-about-190527-300x180.jpg 300w, https:\/\/crawlpit.com\/wp-content\/uploads\/2019\/05\/img-aluracer-about-190527-768x460.jpg 768w, https:\/\/crawlpit.com\/wp-content\/uploads\/2019\/05\/img-aluracer-about-190527-1024x613.jpg 1024w\" sizes=\"auto, (max-width: 1200px) 100vw, 1200px\" \/><\/p>\n<h2>\u00dcdv\u00f6zlet a CrawlPit blogon<\/h2>\n<p>Hello scale rock crawler RC tri\u00e1l fanatikus, a nevem Szilv\u00e1gyi-Szeli P\u00e9ter (az angol nyelv\u0171 tartalmakn\u00e1l <a href=\"https:\/\/crawlpit.com\/author\/pierresilva\/\" target=\"_blank\" rel=\"noopener noreferrer\">Pierre Silva<\/a> n\u00e9ven szerepelek, mivel a nem magyar olvas\u00f3knak lehetetlens\u00e9g kiejteni\u00fck a nevemet). \u0150szint\u00e9n \u00e9rt\u00e9kelem, hogy itt vagy, \u00e9n leszek a h\u00e1zigazd\u00e1d a CrawlPit blog oldalain \u00e9s a hozz\u00e1 kapcsol\u00f3d\u00f3 k\u00f6z\u00f6ss\u00e9gi m\u00e9dia csatorn\u00e1kon.<\/p>\n<p>A <a href=\"https:\/\/crawlpit.com\/hu\/\" target=\"_blank\" rel=\"noopener noreferrer\">CrawlPit.com<\/a> egy szak\u00e9rt\u0151i blog, \u00e9s olyan j\u00f3s\u00e1gokkal seg\u00edt neked, mint a term\u00e9k <a href=\"https:\/\/crawlpit.com\/hu\/kicsomagolasok\/\" target=\"_blank\" rel=\"noopener noreferrer\">Kicsomagol\u00e1sok<\/a> \u00e9s <a href=\"https:\/\/crawlpit.com\/hu\/ertekelesek\/\" target=\"_blank\" rel=\"noopener noreferrer\">\u00c9rt\u00e9kel\u00e9sek<\/a>, gy\u00e1ri \u00e9s egyedi RC tr\u00e1l\u00a0<a href=\"https:\/\/crawlpit.com\/hu\/epitesek\/\" target=\"_blank\" rel=\"noopener noreferrer\">\u00c9p\u00edt\u00e9sek<\/a> valamint RC crawler \u00e9rintetts\u00e9g\u0171 <a href=\"https:\/\/crawlpit.com\/hu\/esemenyek\/\" target=\"_blank\" rel=\"noopener noreferrer\">Esem\u00e9nyek<\/a>, mint versenyek, ki\u00e1ll\u00edt\u00e1sok \u00e9s egy\u00e9b \u00f6sszej\u00f6vetelek.<\/p>\n<p>A CrawlPit blog oldalain nyomon k\u00f6vetheted, hogyan v\u00e1lok 40 \u00e9ves \u00fajoncb\u00f3l v\u00e9rbeli \u00e9s lelkes m\u0171\u00e9rt\u0151v\u00e9, aki pit bullk\u00e9nt tanul \u00e9s dolgozik, hogy jobban \u00e9s jobban teljes\u00edtsen a p\u00e1ly\u00e1n \u00e9s a munkaasztaln\u00e1l is.<\/p>\n<p>A blog <a href=\"https:\/\/crawlpit.com\/hu\/garazs\/\" target=\"_blank\" rel=\"noopener noreferrer\">Gar\u00e1zs<\/a> szekci\u00f3j\u00e1ban tal\u00e1lod meg \u00e9s k\u00f6vetheted az \u00e1ltalam fejlesztett \u00e9s \u00e9p\u00edtett j\u00e1rg\u00e1ny koncepci\u00f3kat r\u00e9szletes k\u00e9pi anyaggal, alkatr\u00e9sz list\u00e1kkal, kapcsol\u00f3d\u00f3 bejegyz\u00e9sekkel \u00e9s V\u00e1ltoz\u00e1si napl\u00f3kkal a verzi\u00f3k\u00f6vet\u00e9shez.<\/p>\n<p>A <a href=\"https:\/\/crawlpit.com\/hu\/\" target=\"_blank\" rel=\"noopener noreferrer\">Crawlpit.com<\/a>\u00a0c\u00e9lja, hogy egy scale rock crawler RC tri\u00e1l k\u00f6z\u00f6ss\u00e9get \u00e9p\u00edtsen, \u00f6sszehozza az \u00f6sszes fanatikust, aki elveszett ebben a lebilincsel\u0151 hobbiban, \u00e9s mindannyiunknak seg\u00edtsen a &#8222;jobbik \u00e9n\u00fcnkk\u00e9&#8221; v\u00e1lni.<\/p>\n<p>Ne habozz hozz\u00e1sz\u00f3lni, k\u00e9rdezni vagy seg\u00edteni b\u00e1rmelyik bejegyz\u00e9s komment szekci\u00f3j\u00e1ban. Mivel ez a tev\u00e9kenys\u00e9g kiz\u00e1r\u00f3lag a sz\u00f3rakoz\u00e1sunkat \u00e9s a fejl\u0151d\u00e9s\u00fcnket szogl\u00e1lja, ne trollkodj, fordulj szembe, t\u00e1madj, \u00e9gess be senkit, \u00e9s ne kritiz\u00e1lj \u00f6nc\u00e9l\u00faan an\u00e9lk\u00fcl, hogy megold\u00e1si alternat\u00edv\u00e1t adn\u00e1l. B\u00e1rki, aki \u00e1t\u00e1ll az er\u0151 s\u00f6t\u00e9t oldal\u00e1ra, figyelmeztet\u00e9s n\u00e9lk\u00fcl letilt\u00e1sra ker\u00fcl.<\/p>\n<h3>K\u00f6vesd a CrawlPitet<\/h3>\n<p><a href=\"https:\/\/www.facebook.com\/groups\/crawlpithu\/\" target=\"_blank\" rel=\"noopener noreferrer\">Facebook csoport<\/a>\u00a0\/ <a href=\"https:\/\/www.youtube.com\/channel\/UC93Fgu8HRA6cSydVJ9mbHTg\" target=\"_blank\" rel=\"noopener noreferrer\">YouTube<\/a><\/p>\n<h3>Keep crawli-rawli-rawli-rawli-rawlin&#8217;<\/h3>\n<p><strong>Szilv\u00e1gyi-Szeli P\u00e9ter<br \/>\na.k.a. Pierre Silva<br \/>\n<\/strong>alap\u00edt\u00f3 + f\u0151szerkeszt\u0151<br \/>\n<a href=\"https:\/\/crawlpit.com\/hu\/\">CrawlPit.com<\/a><\/p>\n<h2>Impresszum<\/h2>\n<p>A <a href=\"https:\/\/crawlpit.com\/hu\/\" target=\"_blank\" rel=\"noopener noreferrer\">CrawlPit.com<\/a>\u00a0alap\u00edt\u00f3ja \u00e9s \u00fczemeltet\u0151je Szilv\u00e1gyi-Szeli P\u00e9ter\u00a0(a.k.a. Pierre Silva). Minden tartalom szerz\u0151i jog v\u00e9delme alatt \u00e1ll, \u00e9s nem haszn\u00e1lhat\u00f3 fel semmilyen m\u00f3don a szerz\u0151 \u00edr\u00e1sos enged\u00e9lye n\u00e9lk\u00fcl.<\/p>\n<p><strong>Kapcsolat<\/strong><br \/>\n<a href=\"mailto:hello@crawlpit.com\">hello@crawlpit.com<\/a><\/p>\n<p>\/\/ Weboldal k\u00e9sz\u00edt\u00e9s \u00e9s t\u00e1rhelyszolg\u00e1ltat\u00e1s\u00a0<a href=\"https:\/\/webber360.com\" target=\"_blank\" rel=\"noopener noreferrer\">Webber 360<\/a><br \/>\n\/\/ T\u00e1mogat\u00f3k <a href=\"https:\/\/procrawler.eu\/flatgekko-lcg-crawler-chassis\/\" target=\"_blank\" rel=\"noopener noreferrer\">Flatgekko\u2122 LCG Crawler Chassis<\/a>\u00a0by\u00a0<a href=\"https:\/\/procrawler.eu\" target=\"_blank\" rel=\"noopener noreferrer\">PROCRAWLER\u00ae<\/a> \/\u00a0<a href=\"https:\/\/rcstore.eu\" target=\"_blank\" rel=\"noopener noreferrer\">R\/C Store<\/a>\u00a0\/\u00a0<a href=\"https:\/\/krawl.eu\" target=\"_blank\" rel=\"noopener noreferrer\">KRAWL Distribution<\/a><\/p>\n","protected":false},"excerpt":{"rendered":"<p>\u00dcdv\u00f6zlet a CrawlPit blogon Hello scale rock crawler RC tri\u00e1l fanatikus, a nevem Szilv\u00e1gyi-Szeli P\u00e9ter (az angol nyelv\u0171 tartalmakn\u00e1l Pierre Silva n\u00e9ven szerepelek, mivel a nem magyar olvas\u00f3knak lehetetlens\u00e9g kiejteni\u00fck a nevemet). \u0150szint\u00e9n \u00e9rt\u00e9kelem, hogy itt vagy, \u00e9n leszek a h\u00e1zigazd\u00e1d a CrawlPit blog oldalain \u00e9s a hozz\u00e1 kapcsol\u00f3d\u00f3 k\u00f6z\u00f6ss\u00e9gi m\u00e9dia csatorn\u00e1kon. A CrawlPit.com egy &hellip; <a href=\"https:\/\/crawlpit.com\/hu\/rolunk\/\" class=\"more-link\">Tov\u00e1bb olvasom <span class=\"screen-reader-text\">R\u00f3lunk<\/span><\/a><\/p>\n","protected":false},"author":3,"featured_media":0,"parent":0,"menu_order":0,"comment_status":"closed","ping_status":"closed","template":"","meta":{"footnotes":""},"class_list":["post-158","page","type-page","status-publish","hentry"],"yoast_head":"<!-- This site is optimized with the Yoast SEO plugin v27.3 - https:\/\/yoast.com\/product\/yoast-seo-wordpress\/ -->\n<title>CrawlPit Blog: a profi scale rock crawler RC tri\u00e1l otthona<\/title>\n<meta name=\"description\" content=\"A CrawlPit blog c\u00e9lja, hogy seg\u00edtsen a scale rock crawler RC tri\u00e1l t\u00e9m\u00e1kban, mint a Kicsomagol\u00e1sok, \u00c9rt\u00e9kel\u00e9sek, \u00c9p\u00edt\u00e9sek \u00e9s Esem\u00e9nyek. Csatlakozz ma!\" \/>\n<meta name=\"robots\" content=\"index, follow, max-snippet:-1, max-image-preview:large, max-video-preview:-1\" \/>\n<link rel=\"canonical\" href=\"https:\/\/crawlpit.com\/hu\/rolunk\/\" \/>\n<meta property=\"og:locale\" content=\"hu_HU\" \/>\n<meta property=\"og:type\" content=\"article\" \/>\n<meta property=\"og:title\" content=\"CrawlPit Blog: a profi scale rock crawler RC tri\u00e1l otthona\" \/>\n<meta property=\"og:description\" content=\"A CrawlPit blog c\u00e9lja, hogy seg\u00edtsen a scale rock crawler RC tri\u00e1l t\u00e9m\u00e1kban, mint a Kicsomagol\u00e1sok, \u00c9rt\u00e9kel\u00e9sek, \u00c9p\u00edt\u00e9sek \u00e9s Esem\u00e9nyek. Csatlakozz ma!\" \/>\n<meta property=\"og:url\" content=\"https:\/\/crawlpit.com\/hu\/rolunk\/\" \/>\n<meta property=\"og:site_name\" content=\"CrawlPit.com\" \/>\n<meta property=\"article:modified_time\" content=\"2020-12-11T18:16:07+00:00\" \/>\n<meta property=\"og:image\" content=\"https:\/\/crawlpit.com\/wp-content\/uploads\/2019\/05\/img-aluracer-about-190527.jpg\" \/>\n<meta name=\"twitter:card\" content=\"summary_large_image\" \/>\n<meta name=\"twitter:title\" content=\"CrawlPit Blog: a profi scale rock crawler RC tri\u00e1l otthona\" \/>\n<meta name=\"twitter:description\" content=\"A CrawlPit blog c\u00e9lja, hogy seg\u00edtsen a scale rock crawler RC tri\u00e1l t\u00e9m\u00e1kban, mint a Kicsomagol\u00e1sok, \u00c9rt\u00e9kel\u00e9sek, \u00c9p\u00edt\u00e9sek \u00e9s Esem\u00e9nyek. Csatlakozz ma!\" \/>\n<meta name=\"twitter:label1\" content=\"Becs\u00fclt olvas\u00e1si id\u0151\" \/>\n\t<meta name=\"twitter:data1\" content=\"2 perc\" \/>\n<script type=\"application\/ld+json\" class=\"yoast-schema-graph\">{\"@context\":\"https:\\\/\\\/schema.org\",\"@graph\":[{\"@type\":\"WebPage\",\"@id\":\"https:\\\/\\\/crawlpit.com\\\/hu\\\/rolunk\\\/\",\"url\":\"https:\\\/\\\/crawlpit.com\\\/hu\\\/rolunk\\\/\",\"name\":\"CrawlPit Blog: a profi scale rock crawler RC tri\u00e1l otthona\",\"isPartOf\":{\"@id\":\"https:\\\/\\\/crawlpit.com\\\/#website\"},\"primaryImageOfPage\":{\"@id\":\"https:\\\/\\\/crawlpit.com\\\/hu\\\/rolunk\\\/#primaryimage\"},\"image\":{\"@id\":\"https:\\\/\\\/crawlpit.com\\\/hu\\\/rolunk\\\/#primaryimage\"},\"thumbnailUrl\":\"https:\\\/\\\/crawlpit.com\\\/wp-content\\\/uploads\\\/2019\\\/05\\\/img-aluracer-about-190527.jpg\",\"datePublished\":\"2018-09-27T15:43:51+00:00\",\"dateModified\":\"2020-12-11T18:16:07+00:00\",\"description\":\"A CrawlPit blog c\u00e9lja, hogy seg\u00edtsen a scale rock crawler RC tri\u00e1l t\u00e9m\u00e1kban, mint a Kicsomagol\u00e1sok, \u00c9rt\u00e9kel\u00e9sek, \u00c9p\u00edt\u00e9sek \u00e9s Esem\u00e9nyek. Csatlakozz ma!\",\"breadcrumb\":{\"@id\":\"https:\\\/\\\/crawlpit.com\\\/hu\\\/rolunk\\\/#breadcrumb\"},\"inLanguage\":\"hu\",\"potentialAction\":[{\"@type\":\"ReadAction\",\"target\":[\"https:\\\/\\\/crawlpit.com\\\/hu\\\/rolunk\\\/\"]}]},{\"@type\":\"ImageObject\",\"inLanguage\":\"hu\",\"@id\":\"https:\\\/\\\/crawlpit.com\\\/hu\\\/rolunk\\\/#primaryimage\",\"url\":\"https:\\\/\\\/crawlpit.com\\\/wp-content\\\/uploads\\\/2019\\\/05\\\/img-aluracer-about-190527.jpg\",\"contentUrl\":\"https:\\\/\\\/crawlpit.com\\\/wp-content\\\/uploads\\\/2019\\\/05\\\/img-aluracer-about-190527.jpg\"},{\"@type\":\"BreadcrumbList\",\"@id\":\"https:\\\/\\\/crawlpit.com\\\/hu\\\/rolunk\\\/#breadcrumb\",\"itemListElement\":[{\"@type\":\"ListItem\",\"position\":1,\"name\":\"Home\",\"item\":\"https:\\\/\\\/crawlpit.com\\\/\"},{\"@type\":\"ListItem\",\"position\":2,\"name\":\"R\u00f3lunk\"}]},{\"@type\":\"WebSite\",\"@id\":\"https:\\\/\\\/crawlpit.com\\\/#website\",\"url\":\"https:\\\/\\\/crawlpit.com\\\/\",\"name\":\"CrawlPit.com\",\"description\":\"Scale Rock Crawler R\\\/C\",\"potentialAction\":[{\"@type\":\"SearchAction\",\"target\":{\"@type\":\"EntryPoint\",\"urlTemplate\":\"https:\\\/\\\/crawlpit.com\\\/?s={search_term_string}\"},\"query-input\":{\"@type\":\"PropertyValueSpecification\",\"valueRequired\":true,\"valueName\":\"search_term_string\"}}],\"inLanguage\":\"hu\"}]}<\/script>\n<!-- \/ Yoast SEO plugin. -->","yoast_head_json":{"title":"CrawlPit Blog: a profi scale rock crawler RC tri\u00e1l otthona","description":"A CrawlPit blog c\u00e9lja, hogy seg\u00edtsen a scale rock crawler RC tri\u00e1l t\u00e9m\u00e1kban, mint a Kicsomagol\u00e1sok, \u00c9rt\u00e9kel\u00e9sek, \u00c9p\u00edt\u00e9sek \u00e9s Esem\u00e9nyek. Csatlakozz ma!","robots":{"index":"index","follow":"follow","max-snippet":"max-snippet:-1","max-image-preview":"max-image-preview:large","max-video-preview":"max-video-preview:-1"},"canonical":"https:\/\/crawlpit.com\/hu\/rolunk\/","og_locale":"hu_HU","og_type":"article","og_title":"CrawlPit Blog: a profi scale rock crawler RC tri\u00e1l otthona","og_description":"A CrawlPit blog c\u00e9lja, hogy seg\u00edtsen a scale rock crawler RC tri\u00e1l t\u00e9m\u00e1kban, mint a Kicsomagol\u00e1sok, \u00c9rt\u00e9kel\u00e9sek, \u00c9p\u00edt\u00e9sek \u00e9s Esem\u00e9nyek. Csatlakozz ma!","og_url":"https:\/\/crawlpit.com\/hu\/rolunk\/","og_site_name":"CrawlPit.com","article_modified_time":"2020-12-11T18:16:07+00:00","og_image":[{"url":"https:\/\/crawlpit.com\/wp-content\/uploads\/2019\/05\/img-aluracer-about-190527.jpg","type":"","width":"","height":""}],"twitter_card":"summary_large_image","twitter_title":"CrawlPit Blog: a profi scale rock crawler RC tri\u00e1l otthona","twitter_description":"A CrawlPit blog c\u00e9lja, hogy seg\u00edtsen a scale rock crawler RC tri\u00e1l t\u00e9m\u00e1kban, mint a Kicsomagol\u00e1sok, \u00c9rt\u00e9kel\u00e9sek, \u00c9p\u00edt\u00e9sek \u00e9s Esem\u00e9nyek. Csatlakozz ma!","twitter_misc":{"Becs\u00fclt olvas\u00e1si id\u0151":"2 perc"},"schema":{"@context":"https:\/\/schema.org","@graph":[{"@type":"WebPage","@id":"https:\/\/crawlpit.com\/hu\/rolunk\/","url":"https:\/\/crawlpit.com\/hu\/rolunk\/","name":"CrawlPit Blog: a profi scale rock crawler RC tri\u00e1l otthona","isPartOf":{"@id":"https:\/\/crawlpit.com\/#website"},"primaryImageOfPage":{"@id":"https:\/\/crawlpit.com\/hu\/rolunk\/#primaryimage"},"image":{"@id":"https:\/\/crawlpit.com\/hu\/rolunk\/#primaryimage"},"thumbnailUrl":"https:\/\/crawlpit.com\/wp-content\/uploads\/2019\/05\/img-aluracer-about-190527.jpg","datePublished":"2018-09-27T15:43:51+00:00","dateModified":"2020-12-11T18:16:07+00:00","description":"A CrawlPit blog c\u00e9lja, hogy seg\u00edtsen a scale rock crawler RC tri\u00e1l t\u00e9m\u00e1kban, mint a Kicsomagol\u00e1sok, \u00c9rt\u00e9kel\u00e9sek, \u00c9p\u00edt\u00e9sek \u00e9s Esem\u00e9nyek. Csatlakozz ma!","breadcrumb":{"@id":"https:\/\/crawlpit.com\/hu\/rolunk\/#breadcrumb"},"inLanguage":"hu","potentialAction":[{"@type":"ReadAction","target":["https:\/\/crawlpit.com\/hu\/rolunk\/"]}]},{"@type":"ImageObject","inLanguage":"hu","@id":"https:\/\/crawlpit.com\/hu\/rolunk\/#primaryimage","url":"https:\/\/crawlpit.com\/wp-content\/uploads\/2019\/05\/img-aluracer-about-190527.jpg","contentUrl":"https:\/\/crawlpit.com\/wp-content\/uploads\/2019\/05\/img-aluracer-about-190527.jpg"},{"@type":"BreadcrumbList","@id":"https:\/\/crawlpit.com\/hu\/rolunk\/#breadcrumb","itemListElement":[{"@type":"ListItem","position":1,"name":"Home","item":"https:\/\/crawlpit.com\/"},{"@type":"ListItem","position":2,"name":"R\u00f3lunk"}]},{"@type":"WebSite","@id":"https:\/\/crawlpit.com\/#website","url":"https:\/\/crawlpit.com\/","name":"CrawlPit.com","description":"Scale Rock Crawler R\/C","potentialAction":[{"@type":"SearchAction","target":{"@type":"EntryPoint","urlTemplate":"https:\/\/crawlpit.com\/?s={search_term_string}"},"query-input":{"@type":"PropertyValueSpecification","valueRequired":true,"valueName":"search_term_string"}}],"inLanguage":"hu"}]}},"_links":{"self":[{"href":"https:\/\/crawlpit.com\/hu\/wp-json\/wp\/v2\/pages\/158","targetHints":{"allow":["GET"]}}],"collection":[{"href":"https:\/\/crawlpit.com\/hu\/wp-json\/wp\/v2\/pages"}],"about":[{"href":"https:\/\/crawlpit.com\/hu\/wp-json\/wp\/v2\/types\/page"}],"author":[{"embeddable":true,"href":"https:\/\/crawlpit.com\/hu\/wp-json\/wp\/v2\/users\/3"}],"replies":[{"embeddable":true,"href":"https:\/\/crawlpit.com\/hu\/wp-json\/wp\/v2\/comments?post=158"}],"version-history":[{"count":2,"href":"https:\/\/crawlpit.com\/hu\/wp-json\/wp\/v2\/pages\/158\/revisions"}],"predecessor-version":[{"id":753,"href":"https:\/\/crawlpit.com\/hu\/wp-json\/wp\/v2\/pages\/158\/revisions\/753"}],"wp:attachment":[{"href":"https:\/\/crawlpit.com\/hu\/wp-json\/wp\/v2\/media?parent=158"}],"curies":[{"name":"wp","href":"https:\/\/api.w.org\/{rel}","templated":true}]}}