{"id":192,"date":"2018-09-28T11:42:40","date_gmt":"2018-09-28T09:42:40","guid":{"rendered":"http:\/\/crawlpit.com\/privacy\/"},"modified":"2019-04-09T18:40:51","modified_gmt":"2019-04-09T16:40:51","slug":"adatvedelem","status":"publish","type":"page","link":"https:\/\/crawlpit.com\/hu\/adatvedelem\/","title":{"rendered":"Adatkezel\u00e9si t\u00e1j\u00e9koztat\u00f3"},"content":{"rendered":"<p>Utols\u00f3 friss\u00edt\u00e9s: 2019. janu\u00e1r 1.<\/p>\n<h3>Defin\u00edci\u00f3k<\/h3>\n<p><strong>CrawlPit.com<\/strong><br \/>\nA CrawlPit.com \u00fczemeltet\u0151je a KRAWL Europe Kft., J\u00f3zsef krt 69 Budapest 1085.<\/p>\n<p><strong>GDPR<\/strong><br \/>\n\u00c1ltal\u00e1nos adatv\u00e9delmi rendelet.<\/p>\n<p><strong>Adatkezel\u0151<\/strong><br \/>\nAz adatkezel\u0151 az a term\u00e9szetes vagy jogi szem\u00e9ly, aki (\u00f6n\u00e1ll\u00f3an vagy k\u00f6z\u00f6sen vagy m\u00e1s szem\u00e9lyekkel k\u00f6z\u00f6sen) meghat\u00e1rozza, hogy milyen c\u00e9lokra \u00e9s milyen m\u00f3don dolgozzon fel vagy dolgozzanak fel szem\u00e9lyes adatokat.<\/p>\n<p><strong>Adatfeldolgoz\u00f3<\/strong><br \/>\nAz adatfeldolgoz\u00f3 minden olyan term\u00e9szetes vagy jogi szem\u00e9ly, aki az adatokat az adatkezel\u0151 nev\u00e9ben dolgozza fel.<\/p>\n<p><strong>Adatalany<\/strong><br \/>\nAz adatalany minden olyan \u00e9l\u0151 szem\u00e9ly, aki a Szolg\u00e1ltat\u00e1sunkat haszn\u00e1lja, \u00e9s a szem\u00e9lyes adatok alanya.<\/p>\n<h3>1. A szem\u00e9lyes adatok feldolgoz\u00e1s\u00e1nak alapelvei<\/h3>\n<p>A szem\u00e9lyes adatok feldolgoz\u00e1s\u00e1nak alapelvei:<\/p>\n<p><strong>Tisztess\u00e9g \u00e9s jogszer\u0171s\u00e9g.<\/strong> A szem\u00e9lyes adatok feldolgoz\u00e1sa sor\u00e1n az adatalanyok egy\u00e9ni jogait v\u00e9deni kell. Minden szem\u00e9lyes adatot jogszer\u0171 \u00e9s tisztess\u00e9ges m\u00f3don kell gy\u0171jteni \u00e9s feldolgozni.<\/p>\n<p><strong>Egy adott c\u00e9lra korl\u00e1tozva.<\/strong> Az adatalany szem\u00e9lyes adatait csak meghat\u00e1rozott c\u00e9lokra szabad feldolgozni.<\/p>\n<p><strong>\u00c1tl\u00e1that\u00f3s\u00e1g.<\/strong> Az \u00e9rintettet t\u00e1j\u00e9koztatni kell arr\u00f3l, hogyan gy\u0171jti, feldolgozza \u00e9s haszn\u00e1lja az adatait.<\/p>\n<h3>2. Milyen szem\u00e9lyes adatokat gy\u0171jt\u00fcnk \u00e9s dolgozunk fel<\/h3>\n<p>A CrawlPit.com t\u00f6bbf\u00e9le szem\u00e9lyes adatot gy\u0171jt k\u00fcl\u00f6nb\u00f6z\u0151 c\u00e9lokra. A szem\u00e9lyes adatok tartalmazhatj\u00e1k, de nem kiz\u00e1r\u00f3lag:<\/p>\n<ul>\n<li>Email c\u00edm<\/li>\n<li>Keresztn\u00e9v \u00e9s vezet\u00e9kn\u00e9v<\/li>\n<\/ul>\n<h3>3. Hogyan haszn\u00e1ljuk a szem\u00e9lyes adatokat<\/h3>\n<p>A CrawlPit.com az \u00f6sszegy\u0171jt\u00f6tt szem\u00e9lyes adatokat k\u00fcl\u00f6nb\u00f6z\u0151 c\u00e9lokra haszn\u00e1lja:<\/p>\n<ul>\n<li>Szolg\u00e1ltat\u00e1sok ny\u00fajt\u00e1sa<\/li>\n<li>Szolg\u00e1ltat\u00e1saink \u00e9s \/ vagy term\u00e9keink v\u00e1ltoz\u00e1sair\u00f3l sz\u00f3l\u00f3 \u00e9rtes\u00edt\u00e9s<\/li>\n<li>\u00dcgyf\u00e9lszolg\u00e1lat biztos\u00edt\u00e1sa<\/li>\n<li>Az elemz\u00e9sek vagy \u00e9rt\u00e9kes inform\u00e1ci\u00f3k \u00f6sszegy\u0171jt\u00e9se, hogy jav\u00edthassuk szolg\u00e1ltat\u00e1sainkat<\/li>\n<li>A technikai probl\u00e9m\u00e1k felder\u00edt\u00e9se, megel\u0151z\u00e9se \u00e9s kezel\u00e9se<\/li>\n<\/ul>\n<h3>4. A szem\u00e9lyes adatok gy\u0171jt\u00e9s\u00e9nek \u00e9s feldolgoz\u00e1s\u00e1nak jogalapja<\/h3>\n<p>A CrawlPit.com jogalapja az ezen adatv\u00e9delmi politik\u00e1ban le\u00edrt szem\u00e9lyes adatok gy\u0171jt\u00e9s\u00e9nek \u00e9s felhaszn\u00e1l\u00e1s\u00e1nak az \u00f6sszegy\u0171jt\u00f6tt szem\u00e9lyes adatokt\u00f3l \u00e9s az adott inform\u00e1ci\u00f3 \u00f6sszegy\u0171jt\u00e9s\u00e9nek saj\u00e1tos \u00f6sszef\u00fcgg\u00e9s\u00e9t\u0151l f\u00fcgg:<\/p>\n<ul>\n<li>A CrawlPit.com-nak szerz\u0151d\u00e9st k\u00f6t\u00f6tt veled<\/li>\n<li>Megadtad a CrawlPit.com enged\u00e9lyt erre<\/li>\n<li>A szem\u00e9lyes adatok feldolgoz\u00e1sa a CrawlPit.com jogos \u00e9rdekeiben tal\u00e1lhat\u00f3<\/li>\n<li>A CrawlPit.com-nak meg kell felelnie a t\u00f6rv\u00e9nynek<\/li>\n<\/ul>\n<h3>5. A szem\u00e9lyes adatok meg\u0151rz\u00e9se<\/h3>\n<p>A CrawlPit.com csak akkor t\u00e1rolja szem\u00e9lyes adatait, am\u00edg az az adatv\u00e9delmi politik\u00e1ban meghat\u00e1rozott c\u00e9lokhoz sz\u00fcks\u00e9ges.<\/p>\n<p>A CrawlPit.com meg\u0151rzi \u00e9s haszn\u00e1lja az \u00d6n adatait olyan m\u00e9rt\u00e9kben, amennyire sz\u00fcks\u00e9ges a jogi k\u00f6telezetts\u00e9geink betart\u00e1s\u00e1hoz, a vit\u00e1k megold\u00e1s\u00e1hoz \u00e9s politik\u00e1ink \u00e9rv\u00e9nyes\u00edt\u00e9s\u00e9hez.<\/p>\n<h3>6. Adatv\u00e9delmi jogok<\/h3>\n<p>Ha \u00d6n az Eur\u00f3pai Gazdas\u00e1gi T\u00e9rs\u00e9g (EGT) lak\u00f3helye, bizonyos adatv\u00e9delmi jogokkal rendelkezik. Ha t\u00e1j\u00e9koztat\u00e1st szeretne kapni arr\u00f3l, hogy milyen szem\u00e9lyes adatait tartjuk r\u00f3lad, \u00e9s ha szeretn\u00e9, hogy elt\u00e1vol\u00edtsuk a rendszer\u00fcnkb\u0151l, k\u00e9rj\u00fck, l\u00e9pjen kapcsolatba vel\u00fcnk.<\/p>\n<p>Bizonyos k\u00f6r\u00fclm\u00e9nyek k\u00f6z\u00f6tt az al\u00e1bbi adatv\u00e9delmi jogokkal rendelkezik:<\/p>\n<ul>\n<li>Az \u00d6n rendelkez\u00e9s\u00e9re \u00e1ll\u00f3 inform\u00e1ci\u00f3khoz val\u00f3 hozz\u00e1f\u00e9r\u00e9s, friss\u00edt\u00e9s vagy t\u00f6rl\u00e9s joga<\/li>\n<li>A helyesb\u00edt\u00e9s joga<\/li>\n<li>A kifog\u00e1s joga<\/li>\n<li>A korl\u00e1toz\u00e1s joga<\/li>\n<li>Az adat\u00e1tvitel joga<\/li>\n<li>A hozz\u00e1j\u00e1rul\u00e1s visszavon\u00e1s\u00e1nak joga<\/li>\n<\/ul>\n","protected":false},"excerpt":{"rendered":"<p>Utols\u00f3 friss\u00edt\u00e9s: 2019. janu\u00e1r 1. Defin\u00edci\u00f3k CrawlPit.com A CrawlPit.com \u00fczemeltet\u0151je a KRAWL Europe Kft., J\u00f3zsef krt 69 Budapest 1085. GDPR \u00c1ltal\u00e1nos adatv\u00e9delmi rendelet. Adatkezel\u0151 Az adatkezel\u0151 az a term\u00e9szetes vagy jogi szem\u00e9ly, aki (\u00f6n\u00e1ll\u00f3an vagy k\u00f6z\u00f6sen vagy m\u00e1s szem\u00e9lyekkel k\u00f6z\u00f6sen) meghat\u00e1rozza, hogy milyen c\u00e9lokra \u00e9s milyen m\u00f3don dolgozzon fel vagy dolgozzanak fel szem\u00e9lyes adatokat. Adatfeldolgoz\u00f3 &hellip; <a href=\"https:\/\/crawlpit.com\/hu\/adatvedelem\/\" class=\"more-link\">Tov\u00e1bb olvasom <span class=\"screen-reader-text\">Adatkezel\u00e9si t\u00e1j\u00e9koztat\u00f3<\/span><\/a><\/p>\n","protected":false},"author":3,"featured_media":0,"parent":0,"menu_order":0,"comment_status":"closed","ping_status":"closed","template":"","meta":{"footnotes":""},"class_list":["post-192","page","type-page","status-publish","hentry"],"yoast_head":"<!-- This site is optimized with the Yoast SEO plugin v27.3 - https:\/\/yoast.com\/product\/yoast-seo-wordpress\/ -->\n<title>Adatkezel\u00e9si t\u00e1j\u00e9koztat\u00f3 - CrawlPit.com<\/title>\n<meta name=\"robots\" content=\"noindex, follow\" \/>\n<meta property=\"og:locale\" content=\"hu_HU\" \/>\n<meta property=\"og:type\" content=\"article\" \/>\n<meta property=\"og:title\" content=\"Adatkezel\u00e9si t\u00e1j\u00e9koztat\u00f3 - CrawlPit.com\" \/>\n<meta property=\"og:description\" content=\"Utols\u00f3 friss\u00edt\u00e9s: 2019. janu\u00e1r 1. Defin\u00edci\u00f3k CrawlPit.com A CrawlPit.com \u00fczemeltet\u0151je a KRAWL Europe Kft., J\u00f3zsef krt 69 Budapest 1085. GDPR \u00c1ltal\u00e1nos adatv\u00e9delmi rendelet. Adatkezel\u0151 Az adatkezel\u0151 az a term\u00e9szetes vagy jogi szem\u00e9ly, aki (\u00f6n\u00e1ll\u00f3an vagy k\u00f6z\u00f6sen vagy m\u00e1s szem\u00e9lyekkel k\u00f6z\u00f6sen) meghat\u00e1rozza, hogy milyen c\u00e9lokra \u00e9s milyen m\u00f3don dolgozzon fel vagy dolgozzanak fel szem\u00e9lyes adatokat. Adatfeldolgoz\u00f3 &hellip; Tov\u00e1bb olvasom Adatkezel\u00e9si t\u00e1j\u00e9koztat\u00f3\" \/>\n<meta property=\"og:url\" content=\"https:\/\/crawlpit.com\/hu\/adatvedelem\/\" \/>\n<meta property=\"og:site_name\" content=\"CrawlPit.com\" \/>\n<meta property=\"article:modified_time\" content=\"2019-04-09T16:40:51+00:00\" \/>\n<meta name=\"twitter:card\" content=\"summary_large_image\" \/>\n<meta name=\"twitter:label1\" content=\"Becs\u00fclt olvas\u00e1si id\u0151\" \/>\n\t<meta name=\"twitter:data1\" content=\"3 perc\" \/>\n<script type=\"application\/ld+json\" class=\"yoast-schema-graph\">{\"@context\":\"https:\\\/\\\/schema.org\",\"@graph\":[{\"@type\":\"WebPage\",\"@id\":\"https:\\\/\\\/crawlpit.com\\\/hu\\\/adatvedelem\\\/\",\"url\":\"https:\\\/\\\/crawlpit.com\\\/hu\\\/adatvedelem\\\/\",\"name\":\"Adatkezel\u00e9si t\u00e1j\u00e9koztat\u00f3 - CrawlPit.com\",\"isPartOf\":{\"@id\":\"https:\\\/\\\/crawlpit.com\\\/#website\"},\"datePublished\":\"2018-09-28T09:42:40+00:00\",\"dateModified\":\"2019-04-09T16:40:51+00:00\",\"breadcrumb\":{\"@id\":\"https:\\\/\\\/crawlpit.com\\\/hu\\\/adatvedelem\\\/#breadcrumb\"},\"inLanguage\":\"hu\",\"potentialAction\":[{\"@type\":\"ReadAction\",\"target\":[\"https:\\\/\\\/crawlpit.com\\\/hu\\\/adatvedelem\\\/\"]}]},{\"@type\":\"BreadcrumbList\",\"@id\":\"https:\\\/\\\/crawlpit.com\\\/hu\\\/adatvedelem\\\/#breadcrumb\",\"itemListElement\":[{\"@type\":\"ListItem\",\"position\":1,\"name\":\"Home\",\"item\":\"https:\\\/\\\/crawlpit.com\\\/\"},{\"@type\":\"ListItem\",\"position\":2,\"name\":\"Adatkezel\u00e9si t\u00e1j\u00e9koztat\u00f3\"}]},{\"@type\":\"WebSite\",\"@id\":\"https:\\\/\\\/crawlpit.com\\\/#website\",\"url\":\"https:\\\/\\\/crawlpit.com\\\/\",\"name\":\"CrawlPit.com\",\"description\":\"Scale Rock Crawler R\\\/C\",\"potentialAction\":[{\"@type\":\"SearchAction\",\"target\":{\"@type\":\"EntryPoint\",\"urlTemplate\":\"https:\\\/\\\/crawlpit.com\\\/?s={search_term_string}\"},\"query-input\":{\"@type\":\"PropertyValueSpecification\",\"valueRequired\":true,\"valueName\":\"search_term_string\"}}],\"inLanguage\":\"hu\"}]}<\/script>\n<!-- \/ Yoast SEO plugin. -->","yoast_head_json":{"title":"Adatkezel\u00e9si t\u00e1j\u00e9koztat\u00f3 - CrawlPit.com","robots":{"index":"noindex","follow":"follow"},"og_locale":"hu_HU","og_type":"article","og_title":"Adatkezel\u00e9si t\u00e1j\u00e9koztat\u00f3 - CrawlPit.com","og_description":"Utols\u00f3 friss\u00edt\u00e9s: 2019. janu\u00e1r 1. Defin\u00edci\u00f3k CrawlPit.com A CrawlPit.com \u00fczemeltet\u0151je a KRAWL Europe Kft., J\u00f3zsef krt 69 Budapest 1085. GDPR \u00c1ltal\u00e1nos adatv\u00e9delmi rendelet. Adatkezel\u0151 Az adatkezel\u0151 az a term\u00e9szetes vagy jogi szem\u00e9ly, aki (\u00f6n\u00e1ll\u00f3an vagy k\u00f6z\u00f6sen vagy m\u00e1s szem\u00e9lyekkel k\u00f6z\u00f6sen) meghat\u00e1rozza, hogy milyen c\u00e9lokra \u00e9s milyen m\u00f3don dolgozzon fel vagy dolgozzanak fel szem\u00e9lyes adatokat. Adatfeldolgoz\u00f3 &hellip; Tov\u00e1bb olvasom Adatkezel\u00e9si t\u00e1j\u00e9koztat\u00f3","og_url":"https:\/\/crawlpit.com\/hu\/adatvedelem\/","og_site_name":"CrawlPit.com","article_modified_time":"2019-04-09T16:40:51+00:00","twitter_card":"summary_large_image","twitter_misc":{"Becs\u00fclt olvas\u00e1si id\u0151":"3 perc"},"schema":{"@context":"https:\/\/schema.org","@graph":[{"@type":"WebPage","@id":"https:\/\/crawlpit.com\/hu\/adatvedelem\/","url":"https:\/\/crawlpit.com\/hu\/adatvedelem\/","name":"Adatkezel\u00e9si t\u00e1j\u00e9koztat\u00f3 - CrawlPit.com","isPartOf":{"@id":"https:\/\/crawlpit.com\/#website"},"datePublished":"2018-09-28T09:42:40+00:00","dateModified":"2019-04-09T16:40:51+00:00","breadcrumb":{"@id":"https:\/\/crawlpit.com\/hu\/adatvedelem\/#breadcrumb"},"inLanguage":"hu","potentialAction":[{"@type":"ReadAction","target":["https:\/\/crawlpit.com\/hu\/adatvedelem\/"]}]},{"@type":"BreadcrumbList","@id":"https:\/\/crawlpit.com\/hu\/adatvedelem\/#breadcrumb","itemListElement":[{"@type":"ListItem","position":1,"name":"Home","item":"https:\/\/crawlpit.com\/"},{"@type":"ListItem","position":2,"name":"Adatkezel\u00e9si t\u00e1j\u00e9koztat\u00f3"}]},{"@type":"WebSite","@id":"https:\/\/crawlpit.com\/#website","url":"https:\/\/crawlpit.com\/","name":"CrawlPit.com","description":"Scale Rock Crawler R\/C","potentialAction":[{"@type":"SearchAction","target":{"@type":"EntryPoint","urlTemplate":"https:\/\/crawlpit.com\/?s={search_term_string}"},"query-input":{"@type":"PropertyValueSpecification","valueRequired":true,"valueName":"search_term_string"}}],"inLanguage":"hu"}]}},"_links":{"self":[{"href":"https:\/\/crawlpit.com\/hu\/wp-json\/wp\/v2\/pages\/192","targetHints":{"allow":["GET"]}}],"collection":[{"href":"https:\/\/crawlpit.com\/hu\/wp-json\/wp\/v2\/pages"}],"about":[{"href":"https:\/\/crawlpit.com\/hu\/wp-json\/wp\/v2\/types\/page"}],"author":[{"embeddable":true,"href":"https:\/\/crawlpit.com\/hu\/wp-json\/wp\/v2\/users\/3"}],"replies":[{"embeddable":true,"href":"https:\/\/crawlpit.com\/hu\/wp-json\/wp\/v2\/comments?post=192"}],"version-history":[{"count":0,"href":"https:\/\/crawlpit.com\/hu\/wp-json\/wp\/v2\/pages\/192\/revisions"}],"wp:attachment":[{"href":"https:\/\/crawlpit.com\/hu\/wp-json\/wp\/v2\/media?parent=192"}],"curies":[{"name":"wp","href":"https:\/\/api.w.org\/{rel}","templated":true}]}}